{"id":56,"date":"2017-12-12T10:55:12","date_gmt":"2017-12-12T14:55:12","guid":{"rendered":"http:\/\/ayuntamiento.guineo\/transparencia\/?page_id=56"},"modified":"2022-08-19T19:57:16","modified_gmt":"2022-08-19T23:57:16","slug":"derechos-de-los-ciudadanos","status":"publish","type":"page","link":"https:\/\/juntadedistritoelnaranjalparras.gob.do\/transparencia\/derechos-de-los-ciudadanos\/","title":{"rendered":"Derechos de los Ciudadanos"},"content":{"rendered":"<p><strong>SOLICITAR\u00a0<\/strong>informaci\u00f3n de cualquier \u00f3rgano del Estado Dominicano y de todas las sociedades an\u00f3nimas, compa\u00f1\u00edas an\u00f3nimas o compa\u00f1\u00edas por acciones con participaci\u00f3n estatal.<\/p>\n<p><strong>RECIBIR<\/strong>\u00a0informaci\u00f3n completa, veraz, adecuada y oportuna de cualquier \u00f3rgano del Estado Dominicano y de todas las sociedades an\u00f3nimas, compa\u00f1\u00edas an\u00f3nimas o compa\u00f1\u00edas por acciones con participaci\u00f3n estatal.<\/p>\n<p><strong>ACCESO<\/strong>\u00a0gratuito a la informaci\u00f3n en tanto que no se requiera reproducci\u00f3n de la misma.<\/p>\n<p><strong>SOLICITAR<\/strong>, recibir y difundir informaciones pertenecientes a la administraci\u00f3n del Estado.<\/p>\n<p><strong>CONOCER<\/strong>\u00a0los proyectos de reglamentos y otras disposiciones de car\u00e1cter general que rigen las relaciones entre los particulares y la administraci\u00f3n.<\/p>\n<p><strong>OPINAR<\/strong>\u00a0sobre los proyectos de reglamentos y otras disposiciones de car\u00e1cter general que rigen las relaciones entre los particulares y la administraci\u00f3n.<\/p>\n<p><strong>OBTENER<\/strong>\u00a0informaci\u00f3n sobre los servicios que ofrece el Estado y sus tarifas.<\/p>\n<p><strong>SABER<\/strong>\u00a0la estructura, integrantes, normativas de funcionamiento, proyectos, informes de gesti\u00f3n, y bases de datos de la administraci\u00f3n p\u00fablica.<\/p>\n<p><strong>CONOCER<\/strong>\u00a0sobre los presupuestos y c\u00e1lculos de recursos y gastos aprobados, su evoluci\u00f3n y estado de ejecuci\u00f3n.<\/p>\n<p><strong>TENER<\/strong>\u00a0informaci\u00f3n sobre los programas y proyectos, sus presupuestos, plazos, ejecuci\u00f3n y supervisi\u00f3n.<\/p>\n<p><strong>ESTAR<\/strong>\u00a0al tanto sobra las licitaciones, concursos, compras, gastos y resultados.<\/p>\n<p><strong>ACCEDER<\/strong>\u00a0a la n\u00f3mina del estado y sus remuneraciones.<\/p>\n<p><strong>CONOCER<\/strong>\u00a0la declaraci\u00f3n jurada patrimonial de los funcionarios del Estado cuando su presentaci\u00f3n corresponda por la ley.<\/p>\n<p><strong>RECIBIR<\/strong>\u00a0informaci\u00f3n sobre el listado de beneficiarios de programas asistenciales, subsidios, becas, jubilaciones, pensiones y retiros.<\/p>\n<p><strong>SABER<\/strong>\u00a0sobre el estado de cuantas de la deuda p\u00fablica, su vencimiento y pagos.<\/p>\n<p><strong>BUSCAR<\/strong>\u00a0las leyes, decretos, resoluciones, disposiciones, marcos regulatorios y cualquier tipo de normativa.<\/p>\n<p><strong>SOLICITAR Y RECIBIR<\/strong>\u00a0oportunamente cualquier tipo de documentaci\u00f3n financiera relativa al presupuesto p\u00fablico.<\/p>\n","protected":false},"excerpt":{"rendered":"SOLICITAR\u00a0informaci\u00f3n de cualquier \u00f3rgano del Estado Dominicano y de todas las sociedades an\u00f3nimas, compa\u00f1\u00edas an\u00f3nimas o compa\u00f1\u00edas por acciones con participaci\u00f3n estatal. RECIBIR\u00a0informaci\u00f3n completa, veraz, adecuada y oportuna de cualquier \u00f3rgano del Estado Dominicano y de todas las sociedades an\u00f3nimas, compa\u00f1\u00edas an\u00f3nimas o compa\u00f1\u00edas por acciones con participaci\u00f3n estatal. ACCESO\u00a0gratuito a la informaci\u00f3n en tanto&#8230;","protected":false},"author":1,"featured_media":0,"parent":0,"menu_order":0,"comment_status":"closed","ping_status":"closed","template":"","meta":[],"acf":[],"_links":{"self":[{"href":"https:\/\/juntadedistritoelnaranjalparras.gob.do\/transparencia\/wp-json\/wp\/v2\/pages\/56"}],"collection":[{"href":"https:\/\/juntadedistritoelnaranjalparras.gob.do\/transparencia\/wp-json\/wp\/v2\/pages"}],"about":[{"href":"https:\/\/juntadedistritoelnaranjalparras.gob.do\/transparencia\/wp-json\/wp\/v2\/types\/page"}],"author":[{"embeddable":true,"href":"https:\/\/juntadedistritoelnaranjalparras.gob.do\/transparencia\/wp-json\/wp\/v2\/users\/1"}],"replies":[{"embeddable":true,"href":"https:\/\/juntadedistritoelnaranjalparras.gob.do\/transparencia\/wp-json\/wp\/v2\/comments?post=56"}],"version-history":[{"count":3,"href":"https:\/\/juntadedistritoelnaranjalparras.gob.do\/transparencia\/wp-json\/wp\/v2\/pages\/56\/revisions"}],"predecessor-version":[{"id":379,"href":"https:\/\/juntadedistritoelnaranjalparras.gob.do\/transparencia\/wp-json\/wp\/v2\/pages\/56\/revisions\/379"}],"wp:attachment":[{"href":"https:\/\/juntadedistritoelnaranjalparras.gob.do\/transparencia\/wp-json\/wp\/v2\/media?parent=56"}],"curies":[{"name":"wp","href":"https:\/\/api.w.org\/{rel}","templated":true}]}}